{"id":1933,"date":"2025-06-04T22:36:20","date_gmt":"2025-06-04T22:36:20","guid":{"rendered":"https:\/\/primemarinemx.com\/?page_id=1933"},"modified":"2025-08-08T13:18:49","modified_gmt":"2025-08-08T13:18:49","slug":"historia","status":"publish","type":"page","link":"https:\/\/primemarinemx.com\/?page_id=1933","title":{"rendered":"Historia"},"content":{"rendered":"\t\t<div data-elementor-type=\"wp-page\" data-elementor-id=\"1933\" class=\"elementor elementor-1933\">\n\t\t\t\t<div class=\"elementor-element elementor-element-yk5pz2e e-con-full e-flex e-con e-parent\" data-id=\"yk5pz2e\" data-element_type=\"container\" data-e-type=\"container\" data-settings=\"{&quot;background_background&quot;:&quot;classic&quot;,&quot;shape_divider_top&quot;:&quot;waves&quot;}\">\n\t\t\t\t<div class=\"elementor-shape elementor-shape-top\" aria-hidden=\"true\" data-negative=\"false\">\n\t\t\t<svg xmlns=\"http:\/\/www.w3.org\/2000\/svg\" viewBox=\"0 0 1000 100\" preserveAspectRatio=\"none\">\n\t<path class=\"elementor-shape-fill\" d=\"M421.9,6.5c22.6-2.5,51.5,0.4,75.5,5.3c23.6,4.9,70.9,23.5,100.5,35.7c75.8,32.2,133.7,44.5,192.6,49.7\n\tc23.6,2.1,48.7,3.5,103.4-2.5c54.7-6,106.2-25.6,106.2-25.6V0H0v30.3c0,0,72,32.6,158.4,30.5c39.2-0.7,92.8-6.7,134-22.4\n\tc21.2-8.1,52.2-18.2,79.7-24.2C399.3,7.9,411.6,7.5,421.9,6.5z\"\/>\n<\/svg>\t\t<\/div>\n\t\t<div class=\"elementor-element elementor-element-26e186c e-con-full e-flex e-con e-child\" data-id=\"26e186c\" data-element_type=\"container\" data-e-type=\"container\">\n\t\t\t\t<div class=\"elementor-element elementor-element-2e17cd4 elementor-widget elementor-widget-heading\" data-id=\"2e17cd4\" data-element_type=\"widget\" data-e-type=\"widget\" data-widget_type=\"heading.default\">\n\t\t\t\t<div class=\"elementor-widget-container\">\n\t\t\t\t\t<h1 class=\"elementor-heading-title elementor-size-default\">Historia<\/h1>\t\t\t\t<\/div>\n\t\t\t\t<\/div>\n\t\t\t\t<div class=\"elementor-element elementor-element-00547e1 elementor-widget-divider--view-line elementor-widget elementor-widget-divider\" data-id=\"00547e1\" data-element_type=\"widget\" data-e-type=\"widget\" data-widget_type=\"divider.default\">\n\t\t\t\t<div class=\"elementor-widget-container\">\n\t\t\t\t\t\t\t<div class=\"elementor-divider\">\n\t\t\t<span class=\"elementor-divider-separator\">\n\t\t\t\t\t\t<\/span>\n\t\t<\/div>\n\t\t\t\t\t\t<\/div>\n\t\t\t\t<\/div>\n\t\t<div class=\"elementor-element elementor-element-5062690 e-con-full e-flex e-con e-child\" data-id=\"5062690\" data-element_type=\"container\" data-e-type=\"container\">\n\t\t\t\t<div class=\"elementor-element elementor-element-2d00480 elementor-widget__width-initial elementor-widget elementor-widget-heading\" data-id=\"2d00480\" data-element_type=\"widget\" data-e-type=\"widget\" data-widget_type=\"heading.default\">\n\t\t\t\t<div class=\"elementor-widget-container\">\n\t\t\t\t\t<h4 class=\"elementor-heading-title elementor-size-default\">Prime Marine Service Ocean.\nEs una empresa 100% mexicana, con personal t\u00e9cnico que cuenta con historial y experiencia desde el a\u00f1o 2006 en el medio marino en M\u00e9xico. El dominio de algunas marcas especializadas de nuestro personal t\u00e9cnico incluyen las siguientes :<\/h4>\t\t\t\t<\/div>\n\t\t\t\t<\/div>\n\t\t<div class=\"elementor-element elementor-element-13fd19c e-con-full e-flex e-con e-child\" data-id=\"13fd19c\" data-element_type=\"container\" data-e-type=\"container\">\n\t\t\t\t<div class=\"elementor-element elementor-element-5ec98aa elementor-widget elementor-widget-text-editor\" data-id=\"5ec98aa\" data-element_type=\"widget\" data-e-type=\"widget\" data-widget_type=\"text-editor.default\">\n\t\t\t\t<div class=\"elementor-widget-container\">\n\t\t\t\t\t\t\t\t\t<h4 style=\"text-align: center;\">&#8211; MAN &#8211; Northern Lights &#8211; Westerbeke &#8211; ZF &#8211; Onan <br \/>&#8211; Mercury &#8211; Yanmar &#8211; Kohler &#8211; Wesmar &#8211; Cummins <br \/>&#8211; Volvo Penta -Vulkan Couplings &#8211; Twin Disc &#8211; Dometic<\/h4>\t\t\t\t\t\t\t\t<\/div>\n\t\t\t\t<\/div>\n\t\t<div class=\"elementor-element elementor-element-abd6b7e e-con-full e-flex e-con e-child\" data-id=\"abd6b7e\" data-element_type=\"container\" data-e-type=\"container\">\n\t\t\t\t<div class=\"elementor-element elementor-element-8da8979 elementor-widget elementor-widget-text-editor\" data-id=\"8da8979\" data-element_type=\"widget\" data-e-type=\"widget\" data-widget_type=\"text-editor.default\">\n\t\t\t\t<div class=\"elementor-widget-container\">\n\t\t\t\t\t\t\t\t\t<h4>Somos fabricantes de las Adrenalinas de Xcaret<\/h4><h4>Hemos llevado a lo largo de nuestra experiencia profesional reparaciones, reconstrucciones, proyectos de repotenciaci\u00f3n, proyectos llave en mano, promoci\u00f3n y eventos para la comercializaci\u00f3n de estas marcas.<\/h4>\t\t\t\t\t\t\t\t<\/div>\n\t\t\t\t<\/div>\n\t\t<div class=\"elementor-element elementor-element-9508399 e-con-full e-flex e-con e-child\" data-id=\"9508399\" data-element_type=\"container\" data-e-type=\"container\">\n\t\t\t\t<div class=\"elementor-element elementor-element-a709617 elementor-widget elementor-widget-text-editor\" data-id=\"a709617\" data-element_type=\"widget\" data-e-type=\"widget\" data-widget_type=\"text-editor.default\">\n\t\t\t\t<div class=\"elementor-widget-container\">\n\t\t\t\t\t\t\t\t\t<h4>Nuestros t\u00e9cnicos han colaborado con personal proveniente de las \u00e1reas de servicio directamente de f\u00e1brica para aprendizaje y para retroalimentar acerca de los problemas t\u00e9cnicos propios por las condiciones de nuestros mares y aplicaciones en el Pacifico, Atl\u00e1ntico y caribe Mexicano.<\/h4>\t\t\t\t\t\t\t\t<\/div>\n\t\t\t\t<\/div>\n\t\t\t\t<\/div>\n\t\t<div class=\"elementor-element elementor-element-9157b0d e-con-full e-flex e-con e-child\" data-id=\"9157b0d\" data-element_type=\"container\" data-e-type=\"container\">\n\t\t\t\t<div class=\"elementor-element elementor-element-0f816d6 elementor-widget elementor-widget-text-editor\" data-id=\"0f816d6\" data-element_type=\"widget\" data-e-type=\"widget\" data-widget_type=\"text-editor.default\">\n\t\t\t\t<div class=\"elementor-widget-container\">\n\t\t\t\t\t\t\t\t\t<h4>Durante ese periodo de tiempo, logramos obtener una s\u00f3lida experiencia mec\u00e1nica, electr\u00f3nica especializada y en los sistema de control, por lo que podemos ofrecer a nuestros clientes un excelente soporte t\u00e9cnico en servicio y asesor\u00eda en el uso de estas marcas instalados en cualquier marca de yates u otro tipo de embarcaci\u00f3n, sea de construcci\u00f3n europea o americana.<\/h4>\t\t\t\t\t\t\t\t<\/div>\n\t\t\t\t<\/div>\n\t\t<div class=\"elementor-element elementor-element-65dd933 e-con-full e-flex e-con e-child\" data-id=\"65dd933\" data-element_type=\"container\" data-e-type=\"container\">\n\t\t\t\t<div class=\"elementor-element elementor-element-6f71e49 elementor-widget elementor-widget-text-editor\" data-id=\"6f71e49\" data-element_type=\"widget\" data-e-type=\"widget\" data-widget_type=\"text-editor.default\">\n\t\t\t\t<div class=\"elementor-widget-container\">\n\t\t\t\t\t\t\t\t\t<h4><span style=\"font-weight: 400;\">Nuestra experiencia y atenci\u00f3n han sido contratadas por propietarios de yates de placer, as\u00ed como empresas tipo offshore que atienden a PEMEX en zonas petroleras, empresas fabricantes de plantas de emergencia, empresas hoteleras de Gran Turismo y la Secretar\u00eda de Marina Armada de M\u00e9xico en proyectos de mantenimiento, suministro de refacciones, modificaciones e incluso proyectos llave en mano.<\/span><\/h4>\t\t\t\t\t\t\t\t<\/div>\n\t\t\t\t<\/div>\n\t\t\t\t<\/div>\n\t\t\t\t<\/div>\n\t\t\t\t<\/div>\n\t\t\t\t<\/div>\n\t\t\t\t<\/div>\n\t\t\t\t<\/div>\n\t\t\t\t<\/div>\n\t\t<div class=\"elementor-element elementor-element-5b73d2b4 e-con-full e-flex e-con e-parent\" data-id=\"5b73d2b4\" data-element_type=\"container\" data-e-type=\"container\">\n\t\t<div class=\"elementor-element elementor-element-d8e36de e-con-full e-flex e-con e-child\" data-id=\"d8e36de\" data-element_type=\"container\" data-e-type=\"container\">\n\t\t\t\t<div class=\"elementor-element elementor-element-b07b70e elementor-widget elementor-widget-heading\" data-id=\"b07b70e\" data-element_type=\"widget\" data-e-type=\"widget\" data-widget_type=\"heading.default\">\n\t\t\t\t<div class=\"elementor-widget-container\">\n\t\t\t\t\t<h2 class=\"elementor-heading-title elementor-size-default\">Misi\u00f3n<\/h2>\t\t\t\t<\/div>\n\t\t\t\t<\/div>\n\t\t\t\t<div class=\"elementor-element elementor-element-2230010 elementor-widget elementor-widget-text-editor\" data-id=\"2230010\" data-element_type=\"widget\" data-e-type=\"widget\" data-widget_type=\"text-editor.default\">\n\t\t\t\t<div class=\"elementor-widget-container\">\n\t\t\t\t\t\t\t\t\t<p style=\"text-align: center;\">Servicios t\u00e9cnicos especializados de alta calidad y proveer refacciones mar\u00edtimas al sector privado, tur\u00edstico, comercial y gubernamental, garantizando excelencia y confiabilidad en cada soluci\u00f3n.<\/p>\t\t\t\t\t\t\t\t<\/div>\n\t\t\t\t<\/div>\n\t\t\t\t<\/div>\n\t\t<div class=\"elementor-element elementor-element-22fe2073 e-con-full e-flex e-con e-child\" data-id=\"22fe2073\" data-element_type=\"container\" data-e-type=\"container\">\n\t\t\t\t<div class=\"elementor-element elementor-element-59aeb2b7 elementor-widget elementor-widget-heading\" data-id=\"59aeb2b7\" data-element_type=\"widget\" data-e-type=\"widget\" data-widget_type=\"heading.default\">\n\t\t\t\t<div class=\"elementor-widget-container\">\n\t\t\t\t\t<h2 class=\"elementor-heading-title elementor-size-default\">Visi\u00f3n<\/h2>\t\t\t\t<\/div>\n\t\t\t\t<\/div>\n\t\t\t\t<div class=\"elementor-element elementor-element-3368f263 elementor-widget__width-initial elementor-widget elementor-widget-text-editor\" data-id=\"3368f263\" data-element_type=\"widget\" data-e-type=\"widget\" data-widget_type=\"text-editor.default\">\n\t\t\t\t<div class=\"elementor-widget-container\">\n\t\t\t\t\t\t\t\t\t<p style=\"text-align: center;\">Ser la empresa l\u00edder en servicios mar\u00edtimos integrales, <br \/>ofreciendo soluciones con calidad y seguridad.<br \/>Impulsamos el crecimiento de nuestros colaboradores e <br \/>inversionistas mediante procesos de mejora continua<br \/>y un compromiso con la innovaci\u00f3n.<\/p>\t\t\t\t\t\t\t\t<\/div>\n\t\t\t\t<\/div>\n\t\t\t\t<\/div>\n\t\t\t\t<\/div>\n\t\t\t\t<\/div>\n\t\t","protected":false},"excerpt":{"rendered":"<p>Historia Prime Marine Service Ocean. Es una empresa 100% mexicana, con personal t\u00e9cnico que cuenta con historial y experiencia desde el a\u00f1o 2006 en el medio marino en M\u00e9xico. El dominio de algunas marcas especializadas de nuestro personal t\u00e9cnico incluyen las siguientes : &#8211; MAN &#8211; Northern Lights &#8211; Westerbeke &#8211; ZF &#8211; Onan &#8211; [&hellip;]<\/p>\n","protected":false},"author":2,"featured_media":0,"parent":0,"menu_order":0,"comment_status":"closed","ping_status":"closed","template":"","meta":{"_surecart_dashboard_logo_width":"180px","_surecart_dashboard_show_logo":true,"_surecart_dashboard_navigation_orders":true,"_surecart_dashboard_navigation_invoices":true,"_surecart_dashboard_navigation_subscriptions":true,"_surecart_dashboard_navigation_downloads":true,"_surecart_dashboard_navigation_billing":true,"_surecart_dashboard_navigation_account":true,"site-sidebar-layout":"no-sidebar","site-content-layout":"page-builder","ast-site-content-layout":"full-width-container","site-content-style":"unboxed","site-sidebar-style":"unboxed","ast-global-header-display":"","ast-banner-title-visibility":"","ast-main-header-display":"","ast-hfb-above-header-display":"","ast-hfb-below-header-display":"","ast-hfb-mobile-header-display":"","site-post-title":"disabled","ast-breadcrumbs-content":"","ast-featured-img":"disabled","footer-sml-layout":"","theme-transparent-header-meta":"","adv-header-id-meta":"","stick-header-meta":"","header-above-stick-meta":"","header-main-stick-meta":"","header-below-stick-meta":"","astra-migrate-meta-layouts":"set","ast-page-background-enabled":"default","ast-page-background-meta":{"desktop":{"background-color":"var(--ast-global-color-4)","background-image":"","background-repeat":"repeat","background-position":"center center","background-size":"auto","background-attachment":"scroll","background-type":"","background-media":"","overlay-type":"","overlay-color":"","overlay-opacity":"","overlay-gradient":""},"tablet":{"background-color":"","background-image":"","background-repeat":"repeat","background-position":"center center","background-size":"auto","background-attachment":"scroll","background-type":"","background-media":"","overlay-type":"","overlay-color":"","overlay-opacity":"","overlay-gradient":""},"mobile":{"background-color":"","background-image":"","background-repeat":"repeat","background-position":"center center","background-size":"auto","background-attachment":"scroll","background-type":"","background-media":"","overlay-type":"","overlay-color":"","overlay-opacity":"","overlay-gradient":""}},"ast-content-background-meta":{"desktop":{"background-color":"var(--ast-global-color-5)","background-image":"","background-repeat":"repeat","background-position":"center center","background-size":"auto","background-attachment":"scroll","background-type":"","background-media":"","overlay-type":"","overlay-color":"","overlay-opacity":"","overlay-gradient":""},"tablet":{"background-color":"var(--ast-global-color-5)","background-image":"","background-repeat":"repeat","background-position":"center center","background-size":"auto","background-attachment":"scroll","background-type":"","background-media":"","overlay-type":"","overlay-color":"","overlay-opacity":"","overlay-gradient":""},"mobile":{"background-color":"var(--ast-global-color-5)","background-image":"","background-repeat":"repeat","background-position":"center center","background-size":"auto","background-attachment":"scroll","background-type":"","background-media":"","overlay-type":"","overlay-color":"","overlay-opacity":"","overlay-gradient":""}},"_joinchat":[],"footnotes":""},"class_list":["post-1933","page","type-page","status-publish","hentry"],"_links":{"self":[{"href":"https:\/\/primemarinemx.com\/index.php?rest_route=\/wp\/v2\/pages\/1933","targetHints":{"allow":["GET"]}}],"collection":[{"href":"https:\/\/primemarinemx.com\/index.php?rest_route=\/wp\/v2\/pages"}],"about":[{"href":"https:\/\/primemarinemx.com\/index.php?rest_route=\/wp\/v2\/types\/page"}],"author":[{"embeddable":true,"href":"https:\/\/primemarinemx.com\/index.php?rest_route=\/wp\/v2\/users\/2"}],"replies":[{"embeddable":true,"href":"https:\/\/primemarinemx.com\/index.php?rest_route=%2Fwp%2Fv2%2Fcomments&post=1933"}],"version-history":[{"count":80,"href":"https:\/\/primemarinemx.com\/index.php?rest_route=\/wp\/v2\/pages\/1933\/revisions"}],"predecessor-version":[{"id":3662,"href":"https:\/\/primemarinemx.com\/index.php?rest_route=\/wp\/v2\/pages\/1933\/revisions\/3662"}],"wp:attachment":[{"href":"https:\/\/primemarinemx.com\/index.php?rest_route=%2Fwp%2Fv2%2Fmedia&parent=1933"}],"curies":[{"name":"wp","href":"https:\/\/api.w.org\/{rel}","templated":true}]}}