{"id":14,"date":"2025-06-04T17:54:22","date_gmt":"2025-06-04T17:54:22","guid":{"rendered":"https:\/\/primemarinemx.com\/about\/"},"modified":"2025-06-24T20:32:11","modified_gmt":"2025-06-24T20:32:11","slug":"nosotros","status":"publish","type":"page","link":"https:\/\/primemarinemx.com\/?page_id=14","title":{"rendered":"Nosotros"},"content":{"rendered":"\t\t<div data-elementor-type=\"wp-page\" data-elementor-id=\"14\" class=\"elementor elementor-14\">\n\t\t\t\t<div class=\"elementor-element elementor-element-dcfb448 e-flex e-con-boxed e-con e-parent\" data-id=\"dcfb448\" data-element_type=\"container\" data-e-type=\"container\" data-settings=\"{&quot;background_background&quot;:&quot;slideshow&quot;,&quot;background_slideshow_gallery&quot;:[{&quot;id&quot;:2032,&quot;url&quot;:&quot;https:\\\/\\\/primemarinemx.com\\\/wp-content\\\/uploads\\\/2025\\\/06\\\/ChatGPT-Image-Jun-5-2025-09_31_54-AM.png&quot;}],&quot;shape_divider_top&quot;:&quot;wave-brush&quot;,&quot;background_slideshow_loop&quot;:&quot;yes&quot;,&quot;background_slideshow_slide_duration&quot;:5000,&quot;background_slideshow_slide_transition&quot;:&quot;fade&quot;,&quot;background_slideshow_transition_duration&quot;:500}\">\n\t\t\t\t\t<div class=\"e-con-inner\">\n\t\t\t\t<div class=\"elementor-shape elementor-shape-top\" aria-hidden=\"true\" data-negative=\"false\">\n\t\t\t<svg xmlns=\"http:\/\/www.w3.org\/2000\/svg\" viewBox=\"0 0 283.5 27.8\" preserveAspectRatio=\"none\">\n\t<path class=\"elementor-shape-fill\" d=\"M283.5,9.7c0,0-7.3,4.3-14,4.6c-6.8,0.3-12.6,0-20.9-1.5c-11.3-2-33.1-10.1-44.7-5.7\ts-12.1,4.6-18,7.4c-6.6,3.2-20,9.6-36.6,9.3C131.6,23.5,99.5,7.2,86.3,8c-1.4,0.1-6.6,0.8-10.5,2c-3.8,1.2-9.4,3.8-17,4.7\tc-3.2,0.4-8.3,1.1-14.2,0.9c-1.5-0.1-6.3-0.4-12-1.6c-5.7-1.2-11-3.1-15.8-3.7C6.5,9.2,0,10.8,0,10.8V0h283.5V9.7z M260.8,11.3\tc-0.7-1-2-0.4-4.3-0.4c-2.3,0-6.1-1.2-5.8-1.1c0.3,0.1,3.1,1.5,6,1.9C259.7,12.2,261.4,12.3,260.8,11.3z M242.4,8.6\tc0,0-2.4-0.2-5.6-0.9c-3.2-0.8-10.3-2.8-15.1-3.5c-8.2-1.1-15.8,0-15.1,0.1c0.8,0.1,9.6-0.6,17.6,1.1c3.3,0.7,9.3,2.2,12.4,2.7\tC239.9,8.7,242.4,8.6,242.4,8.6z M185.2,8.5c1.7-0.7-13.3,4.7-18.5,6.1c-2.1,0.6-6.2,1.6-10,2c-3.9,0.4-8.9,0.4-8.8,0.5\tc0,0.2,5.8,0.8,11.2,0c5.4-0.8,5.2-1.1,7.6-1.6C170.5,14.7,183.5,9.2,185.2,8.5z M199.1,6.9c0.2,0-0.8-0.4-4.8,1.1\tc-4,1.5-6.7,3.5-6.9,3.7c-0.2,0.1,3.5-1.8,6.6-3C197,7.5,199,6.9,199.1,6.9z M283,6c-0.1,0.1-1.9,1.1-4.8,2.5s-6.9,2.8-6.7,2.7\tc0.2,0,3.5-0.6,7.4-2.5C282.8,6.8,283.1,5.9,283,6z M31.3,11.6c0.1-0.2-1.9-0.2-4.5-1.2s-5.4-1.6-7.8-2C15,7.6,7.3,8.5,7.7,8.6\tC8,8.7,15.9,8.3,20.2,9.3c2.2,0.5,2.4,0.5,5.7,1.6S31.2,11.9,31.3,11.6z M73,9.2c0.4-0.1,3.5-1.6,8.4-2.6c4.9-1.1,8.9-0.5,8.9-0.8\tc0-0.3-1-0.9-6.2-0.3S72.6,9.3,73,9.2z M71.6,6.7C71.8,6.8,75,5.4,77.3,5c2.3-0.3,1.9-0.5,1.9-0.6c0-0.1-1.1-0.2-2.7,0.2\tC74.8,5.1,71.4,6.6,71.6,6.7z M93.6,4.4c0.1,0.2,3.5,0.8,5.6,1.8c2.1,1,1.8,0.6,1.9,0.5c0.1-0.1-0.8-0.8-2.4-1.3\tC97.1,4.8,93.5,4.2,93.6,4.4z M65.4,11.1c-0.1,0.3,0.3,0.5,1.9-0.2s2.6-1.3,2.2-1.2s-0.9,0.4-2.5,0.8C65.3,10.9,65.5,10.8,65.4,11.1\tz M34.5,12.4c-0.2,0,2.1,0.8,3.3,0.9c1.2,0.1,2,0.1,2-0.2c0-0.3-0.1-0.5-1.6-0.4C36.6,12.8,34.7,12.4,34.5,12.4z M152.2,21.1\tc-0.1,0.1-2.4-0.3-7.5-0.3c-5,0-13.6-2.4-17.2-3.5c-3.6-1.1,10,3.9,16.5,4.1C150.5,21.6,152.3,21,152.2,21.1z\"\/>\n\t<path class=\"elementor-shape-fill\" d=\"M269.6,18c-0.1-0.1-4.6,0.3-7.2,0c-7.3-0.7-17-3.2-16.6-2.9c0.4,0.3,13.7,3.1,17,3.3\tC267.7,18.8,269.7,18,269.6,18z\"\/>\n\t<path class=\"elementor-shape-fill\" d=\"M227.4,9.8c-0.2-0.1-4.5-1-9.5-1.2c-5-0.2-12.7,0.6-12.3,0.5c0.3-0.1,5.9-1.8,13.3-1.2\tS227.6,9.9,227.4,9.8z\"\/>\n\t<path class=\"elementor-shape-fill\" d=\"M204.5,13.4c-0.1-0.1,2-1,3.2-1.1c1.2-0.1,2,0,2,0.3c0,0.3-0.1,0.5-1.6,0.4\tC206.4,12.9,204.6,13.5,204.5,13.4z\"\/>\n\t<path class=\"elementor-shape-fill\" d=\"M201,10.6c0-0.1-4.4,1.2-6.3,2.2c-1.9,0.9-6.2,3.1-6.1,3.1c0.1,0.1,4.2-1.6,6.3-2.6\tS201,10.7,201,10.6z\"\/>\n\t<path class=\"elementor-shape-fill\" d=\"M154.5,26.7c-0.1-0.1-4.6,0.3-7.2,0c-7.3-0.7-17-3.2-16.6-2.9c0.4,0.3,13.7,3.1,17,3.3\tC152.6,27.5,154.6,26.8,154.5,26.7z\"\/>\n\t<path class=\"elementor-shape-fill\" d=\"M41.9,19.3c0,0,1.2-0.3,2.9-0.1c1.7,0.2,5.8,0.9,8.2,0.7c4.2-0.4,7.4-2.7,7-2.6\tc-0.4,0-4.3,2.2-8.6,1.9c-1.8-0.1-5.1-0.5-6.7-0.4S41.9,19.3,41.9,19.3z\"\/>\n\t<path class=\"elementor-shape-fill\" d=\"M75.5,12.6c0.2,0.1,2-0.8,4.3-1.1c2.3-0.2,2.1-0.3,2.1-0.5c0-0.1-1.8-0.4-3.4,0\tC76.9,11.5,75.3,12.5,75.5,12.6z\"\/>\n\t<path class=\"elementor-shape-fill\" d=\"M15.6,13.2c0-0.1,4.3,0,6.7,0.5c2.4,0.5,5,1.9,5,2c0,0.1-2.7-0.8-5.1-1.4\tC19.9,13.7,15.7,13.3,15.6,13.2z\"\/>\n<\/svg>\t\t<\/div>\n\t\t<div class=\"elementor-element elementor-element-d21b7e0 e-con-full e-flex e-con e-child\" data-id=\"d21b7e0\" data-element_type=\"container\" data-e-type=\"container\">\n\t\t\t\t<div class=\"elementor-element elementor-element-e9fd9dc elementor-widget__width-initial elementor-widget elementor-widget-heading\" data-id=\"e9fd9dc\" data-element_type=\"widget\" data-e-type=\"widget\" data-widget_type=\"heading.default\">\n\t\t\t\t<div class=\"elementor-widget-container\">\n\t\t\t\t\t<h3 class=\"elementor-heading-title elementor-size-default\"><br>Soluciones mar\u00edtimas con precisi\u00f3n, confianza y excelencia t\u00e9cnica<\/h3>\t\t\t\t<\/div>\n\t\t\t\t<\/div>\n\t\t\t\t<div class=\"elementor-element elementor-element-8f5e3ff elementor-widget elementor-widget-text-editor\" data-id=\"8f5e3ff\" data-element_type=\"widget\" data-e-type=\"widget\" data-widget_type=\"text-editor.default\">\n\t\t\t\t<div class=\"elementor-widget-container\">\n\t\t\t\t\t\t\t\t\t<p><strong data-start=\"732\" data-end=\"804\">Expertos en reparaci\u00f3n marina con enfoque en seguridad y rendimiento<\/strong><br data-start=\"804\" data-end=\"807\" \/>Somos una empresa especializada en el mantenimiento y reparaci\u00f3n de embarcaciones, con amplia experiencia en el sector mar\u00edtimo. Nuestro trabajo se fundamenta en la excelencia t\u00e9cnica, el uso de refacciones certificadas y la atenci\u00f3n personalizada a cada proyecto. Nos mueve el compromiso de restaurar su embarcaci\u00f3n a condiciones \u00f3ptimas, priorizando la seguridad y eficiencia operativa en cada servicio prestado..<\/p>\t\t\t\t\t\t\t\t<\/div>\n\t\t\t\t<\/div>\n\t\t\t\t<\/div>\n\t\t\t\t\t<\/div>\n\t\t\t\t<\/div>\n\t\t<div class=\"elementor-element elementor-element-500861b e-con-full e-flex e-con e-parent\" data-id=\"500861b\" data-element_type=\"container\" data-e-type=\"container\">\n\t\t<div class=\"elementor-element elementor-element-7dbc6fb e-con-full e-flex e-con e-child\" data-id=\"7dbc6fb\" data-element_type=\"container\" data-e-type=\"container\">\n\t\t\t\t<div class=\"elementor-element elementor-element-6658dc9 elementor-widget__width-initial elementor-widget elementor-widget-heading\" data-id=\"6658dc9\" data-element_type=\"widget\" data-e-type=\"widget\" data-widget_type=\"heading.default\">\n\t\t\t\t<div class=\"elementor-widget-container\">\n\t\t\t\t\t<h3 class=\"elementor-heading-title elementor-size-default\">Nuestro personal ha adquirido el conocimiento t\u00e9cnico de\n la estructura de ensamble de los cuartos de m\u00e1quinas y\n sistemas de control de los principales constructores\n marinos.<\/h3>\t\t\t\t<\/div>\n\t\t\t\t<\/div>\n\t\t\t\t<div class=\"elementor-element elementor-element-e9a8c1e elementor-widget elementor-widget-image\" data-id=\"e9a8c1e\" data-element_type=\"widget\" data-e-type=\"widget\" data-widget_type=\"image.default\">\n\t\t\t\t<div class=\"elementor-widget-container\">\n\t\t\t\t\t\t\t\t\t\t\t\t\t\t\t<img fetchpriority=\"high\" decoding=\"async\" width=\"1536\" height=\"1024\" src=\"https:\/\/primemarinemx.com\/wp-content\/uploads\/2025\/05\/yate-portada.png\" class=\"attachment-full size-full wp-image-767\" alt=\"\" srcset=\"https:\/\/primemarinemx.com\/wp-content\/uploads\/2025\/05\/yate-portada.png 1536w, https:\/\/primemarinemx.com\/wp-content\/uploads\/2025\/05\/yate-portada-600x400.png 600w, https:\/\/primemarinemx.com\/wp-content\/uploads\/2025\/05\/yate-portada-300x200.png 300w, https:\/\/primemarinemx.com\/wp-content\/uploads\/2025\/05\/yate-portada-1024x683.png 1024w, https:\/\/primemarinemx.com\/wp-content\/uploads\/2025\/05\/yate-portada-768x512.png 768w, https:\/\/primemarinemx.com\/wp-content\/uploads\/2025\/05\/yate-portada-500x333.png 500w\" sizes=\"(max-width: 1536px) 100vw, 1536px\" \/>\t\t\t\t\t\t\t\t\t\t\t\t\t\t\t<\/div>\n\t\t\t\t<\/div>\n\t\t\t\t<\/div>\n\t\t\t\t<\/div>\n\t\t<div class=\"elementor-element elementor-element-ba46aa4 e-flex e-con-boxed e-con e-parent\" data-id=\"ba46aa4\" data-element_type=\"container\" data-e-type=\"container\" data-settings=\"{&quot;background_background&quot;:&quot;classic&quot;}\">\n\t\t\t\t\t<div class=\"e-con-inner\">\n\t\t<div class=\"elementor-element elementor-element-920e714 e-con-full e-flex e-con e-child\" data-id=\"920e714\" data-element_type=\"container\" data-e-type=\"container\">\n\t\t\t\t<div class=\"elementor-element elementor-element-d99e691 elementor-widget elementor-widget-image\" data-id=\"d99e691\" data-element_type=\"widget\" data-e-type=\"widget\" data-widget_type=\"image.default\">\n\t\t\t\t<div class=\"elementor-widget-container\">\n\t\t\t\t\t\t\t\t\t\t\t\t\t\t\t<img decoding=\"async\" width=\"1024\" height=\"576\" src=\"https:\/\/primemarinemx.com\/wp-content\/uploads\/2025\/06\/WhatsApp-Image-2025-05-27-at-11.52.28-AM-3-1024x576.jpeg\" class=\"attachment-large size-large wp-image-1709\" alt=\"\" srcset=\"https:\/\/primemarinemx.com\/wp-content\/uploads\/2025\/06\/WhatsApp-Image-2025-05-27-at-11.52.28-AM-3-1024x576.jpeg 1024w, https:\/\/primemarinemx.com\/wp-content\/uploads\/2025\/06\/WhatsApp-Image-2025-05-27-at-11.52.28-AM-3-600x338.jpeg 600w, https:\/\/primemarinemx.com\/wp-content\/uploads\/2025\/06\/WhatsApp-Image-2025-05-27-at-11.52.28-AM-3-300x169.jpeg 300w, https:\/\/primemarinemx.com\/wp-content\/uploads\/2025\/06\/WhatsApp-Image-2025-05-27-at-11.52.28-AM-3-768x432.jpeg 768w, https:\/\/primemarinemx.com\/wp-content\/uploads\/2025\/06\/WhatsApp-Image-2025-05-27-at-11.52.28-AM-3-1536x864.jpeg 1536w, https:\/\/primemarinemx.com\/wp-content\/uploads\/2025\/06\/WhatsApp-Image-2025-05-27-at-11.52.28-AM-3.jpeg 1600w\" sizes=\"(max-width: 1024px) 100vw, 1024px\" \/>\t\t\t\t\t\t\t\t\t\t\t\t\t\t\t<\/div>\n\t\t\t\t<\/div>\n\t\t\t\t<div class=\"elementor-element elementor-element-041fd00 elementor-widget__width-initial elementor-widget elementor-widget-image\" data-id=\"041fd00\" data-element_type=\"widget\" data-e-type=\"widget\" data-widget_type=\"image.default\">\n\t\t\t\t<div class=\"elementor-widget-container\">\n\t\t\t\t\t\t\t\t\t\t\t\t\t\t\t<img decoding=\"async\" width=\"576\" height=\"1024\" src=\"https:\/\/primemarinemx.com\/wp-content\/uploads\/2025\/06\/WhatsApp-Image-2025-05-27-at-11.52.27-AM-4-576x1024.jpeg\" class=\"attachment-large size-large wp-image-1706\" alt=\"\" srcset=\"https:\/\/primemarinemx.com\/wp-content\/uploads\/2025\/06\/WhatsApp-Image-2025-05-27-at-11.52.27-AM-4-576x1024.jpeg 576w, https:\/\/primemarinemx.com\/wp-content\/uploads\/2025\/06\/WhatsApp-Image-2025-05-27-at-11.52.27-AM-4-600x1067.jpeg 600w, https:\/\/primemarinemx.com\/wp-content\/uploads\/2025\/06\/WhatsApp-Image-2025-05-27-at-11.52.27-AM-4-169x300.jpeg 169w, https:\/\/primemarinemx.com\/wp-content\/uploads\/2025\/06\/WhatsApp-Image-2025-05-27-at-11.52.27-AM-4-768x1365.jpeg 768w, https:\/\/primemarinemx.com\/wp-content\/uploads\/2025\/06\/WhatsApp-Image-2025-05-27-at-11.52.27-AM-4-864x1536.jpeg 864w, https:\/\/primemarinemx.com\/wp-content\/uploads\/2025\/06\/WhatsApp-Image-2025-05-27-at-11.52.27-AM-4.jpeg 900w\" sizes=\"(max-width: 576px) 100vw, 576px\" \/>\t\t\t\t\t\t\t\t\t\t\t\t\t\t\t<\/div>\n\t\t\t\t<\/div>\n\t\t\t\t<\/div>\n\t\t<div class=\"elementor-element elementor-element-94092f7 e-con-full e-flex e-con e-child\" data-id=\"94092f7\" data-element_type=\"container\" data-e-type=\"container\">\n\t\t\t\t<div class=\"elementor-element elementor-element-aad1e15 elementor-widget elementor-widget-image\" data-id=\"aad1e15\" data-element_type=\"widget\" data-e-type=\"widget\" data-widget_type=\"image.default\">\n\t\t\t\t<div class=\"elementor-widget-container\">\n\t\t\t\t\t\t\t\t\t\t\t\t\t\t\t<img loading=\"lazy\" decoding=\"async\" width=\"46\" height=\"38\" src=\"https:\/\/primemarinemx.com\/wp-content\/uploads\/2021\/11\/quotes.svg\" class=\"attachment-full size-full wp-image-117\" alt=\"\" \/>\t\t\t\t\t\t\t\t\t\t\t\t\t\t\t<\/div>\n\t\t\t\t<\/div>\n\t\t\t\t<div class=\"elementor-element elementor-element-7f86a88 elementor-widget elementor-widget-heading\" data-id=\"7f86a88\" data-element_type=\"widget\" data-e-type=\"widget\" data-widget_type=\"heading.default\">\n\t\t\t\t<div class=\"elementor-widget-container\">\n\t\t\t\t\t<h4 class=\"elementor-heading-title elementor-size-default\"> Nuestros t\u00e9cnicos han colaborado con personal proveniente de las \u00e1reas de servicio directamente de f\u00e1brica para aprendizaje y\n para retroalimentar acerca de los problemas t\u00e9cnicos propios por las condiciones de nuestros mares y aplicaciones en el Pacifico,\n Atl\u00e1ntico y caribe Mexicano.<\/h4>\t\t\t\t<\/div>\n\t\t\t\t<\/div>\n\t\t\t\t<div class=\"elementor-element elementor-element-d503280 elementor-widget elementor-widget-image\" data-id=\"d503280\" data-element_type=\"widget\" data-e-type=\"widget\" data-widget_type=\"image.default\">\n\t\t\t\t<div class=\"elementor-widget-container\">\n\t\t\t\t\t\t\t\t\t\t\t\t\t\t\t<img loading=\"lazy\" decoding=\"async\" width=\"500\" height=\"500\" src=\"https:\/\/primemarinemx.com\/wp-content\/uploads\/2025\/06\/2.png\" class=\"attachment-full size-full wp-image-2025\" alt=\"\" srcset=\"https:\/\/primemarinemx.com\/wp-content\/uploads\/2025\/06\/2.png 500w, https:\/\/primemarinemx.com\/wp-content\/uploads\/2025\/06\/2-300x300.png 300w, https:\/\/primemarinemx.com\/wp-content\/uploads\/2025\/06\/elementor\/thumbs\/2-r6v50cffjy9i4pgfa1ou9njwklyyvvhk1wxny8elm0.png 100w, https:\/\/primemarinemx.com\/wp-content\/uploads\/2025\/06\/2-150x150.png 150w, https:\/\/primemarinemx.com\/wp-content\/uploads\/2025\/06\/elementor\/thumbs\/2-r6v50cff6smknb0aydfhmtwe9ephaciuadk43t9flo.png 70w, https:\/\/primemarinemx.com\/wp-content\/uploads\/2025\/06\/elementor\/thumbs\/2-r6v50cfgrt1xqpm5oyk0dqe9ly6ljmp9xpiu3mvtn4.png 200w\" sizes=\"(max-width: 500px) 100vw, 500px\" \/>\t\t\t\t\t\t\t\t\t\t\t\t\t\t\t<\/div>\n\t\t\t\t<\/div>\n\t\t\t\t<\/div>\n\t\t<div class=\"elementor-element elementor-element-0bd015f e-con-full e-flex e-con e-child\" data-id=\"0bd015f\" data-element_type=\"container\" data-e-type=\"container\">\n\t\t\t\t<div class=\"elementor-element elementor-element-1cdccf8 elementor-widget elementor-widget-image\" data-id=\"1cdccf8\" data-element_type=\"widget\" data-e-type=\"widget\" data-widget_type=\"image.default\">\n\t\t\t\t<div class=\"elementor-widget-container\">\n\t\t\t\t\t\t\t\t\t\t\t\t\t\t\t<img loading=\"lazy\" decoding=\"async\" width=\"771\" height=\"1024\" src=\"https:\/\/primemarinemx.com\/wp-content\/uploads\/2025\/06\/WhatsApp-Image-2025-05-27-at-11.52.28-AM-2-1-771x1024.jpeg\" class=\"attachment-large size-large wp-image-1708\" alt=\"\" srcset=\"https:\/\/primemarinemx.com\/wp-content\/uploads\/2025\/06\/WhatsApp-Image-2025-05-27-at-11.52.28-AM-2-1-771x1024.jpeg 771w, https:\/\/primemarinemx.com\/wp-content\/uploads\/2025\/06\/WhatsApp-Image-2025-05-27-at-11.52.28-AM-2-1-600x797.jpeg 600w, https:\/\/primemarinemx.com\/wp-content\/uploads\/2025\/06\/WhatsApp-Image-2025-05-27-at-11.52.28-AM-2-1-226x300.jpeg 226w, https:\/\/primemarinemx.com\/wp-content\/uploads\/2025\/06\/WhatsApp-Image-2025-05-27-at-11.52.28-AM-2-1-768x1020.jpeg 768w, https:\/\/primemarinemx.com\/wp-content\/uploads\/2025\/06\/WhatsApp-Image-2025-05-27-at-11.52.28-AM-2-1.jpeg 963w\" sizes=\"(max-width: 771px) 100vw, 771px\" \/>\t\t\t\t\t\t\t\t\t\t\t\t\t\t\t<\/div>\n\t\t\t\t<\/div>\n\t\t\t\t<\/div>\n\t\t\t\t\t<\/div>\n\t\t\t\t<\/div>\n\t\t\t\t<\/div>\n\t\t","protected":false},"excerpt":{"rendered":"<p>Soluciones mar\u00edtimas con precisi\u00f3n, confianza y excelencia t\u00e9cnica Expertos en reparaci\u00f3n marina con enfoque en seguridad y rendimientoSomos una empresa especializada en el mantenimiento y reparaci\u00f3n de embarcaciones, con amplia experiencia en el sector mar\u00edtimo. Nuestro trabajo se fundamenta en la excelencia t\u00e9cnica, el uso de refacciones certificadas y la atenci\u00f3n personalizada a cada proyecto. [&hellip;]<\/p>\n","protected":false},"author":2,"featured_media":0,"parent":0,"menu_order":0,"comment_status":"closed","ping_status":"closed","template":"","meta":{"_surecart_dashboard_logo_width":"180px","_surecart_dashboard_show_logo":true,"_surecart_dashboard_navigation_orders":true,"_surecart_dashboard_navigation_invoices":true,"_surecart_dashboard_navigation_subscriptions":true,"_surecart_dashboard_navigation_downloads":true,"_surecart_dashboard_navigation_billing":true,"_surecart_dashboard_navigation_account":true,"site-sidebar-layout":"no-sidebar","site-content-layout":"page-builder","ast-site-content-layout":"full-width-container","site-content-style":"unboxed","site-sidebar-style":"unboxed","ast-global-header-display":"","ast-banner-title-visibility":"","ast-main-header-display":"","ast-hfb-above-header-display":"","ast-hfb-below-header-display":"","ast-hfb-mobile-header-display":"","site-post-title":"disabled","ast-breadcrumbs-content":"","ast-featured-img":"disabled","footer-sml-layout":"","theme-transparent-header-meta":"disabled","adv-header-id-meta":"","stick-header-meta":"","header-above-stick-meta":"","header-main-stick-meta":"","header-below-stick-meta":"","astra-migrate-meta-layouts":"set","ast-page-background-enabled":"default","ast-page-background-meta":{"desktop":{"background-color":"var(--ast-global-color-4)","background-image":"","background-repeat":"repeat","background-position":"center center","background-size":"auto","background-attachment":"scroll","background-type":"","background-media":"","overlay-type":"","overlay-color":"","overlay-opacity":"","overlay-gradient":""},"tablet":{"background-color":"","background-image":"","background-repeat":"repeat","background-position":"center center","background-size":"auto","background-attachment":"scroll","background-type":"","background-media":"","overlay-type":"","overlay-color":"","overlay-opacity":"","overlay-gradient":""},"mobile":{"background-color":"","background-image":"","background-repeat":"repeat","background-position":"center center","background-size":"auto","background-attachment":"scroll","background-type":"","background-media":"","overlay-type":"","overlay-color":"","overlay-opacity":"","overlay-gradient":""}},"ast-content-background-meta":{"desktop":{"background-color":"var(--ast-global-color-5)","background-image":"","background-repeat":"repeat","background-position":"center center","background-size":"auto","background-attachment":"scroll","background-type":"","background-media":"","overlay-type":"","overlay-color":"","overlay-opacity":"","overlay-gradient":""},"tablet":{"background-color":"var(--ast-global-color-5)","background-image":"","background-repeat":"repeat","background-position":"center center","background-size":"auto","background-attachment":"scroll","background-type":"","background-media":"","overlay-type":"","overlay-color":"","overlay-opacity":"","overlay-gradient":""},"mobile":{"background-color":"var(--ast-global-color-5)","background-image":"","background-repeat":"repeat","background-position":"center center","background-size":"auto","background-attachment":"scroll","background-type":"","background-media":"","overlay-type":"","overlay-color":"","overlay-opacity":"","overlay-gradient":""}},"_joinchat":[],"footnotes":""},"class_list":["post-14","page","type-page","status-publish","hentry"],"_links":{"self":[{"href":"https:\/\/primemarinemx.com\/index.php?rest_route=\/wp\/v2\/pages\/14","targetHints":{"allow":["GET"]}}],"collection":[{"href":"https:\/\/primemarinemx.com\/index.php?rest_route=\/wp\/v2\/pages"}],"about":[{"href":"https:\/\/primemarinemx.com\/index.php?rest_route=\/wp\/v2\/types\/page"}],"author":[{"embeddable":true,"href":"https:\/\/primemarinemx.com\/index.php?rest_route=\/wp\/v2\/users\/2"}],"replies":[{"embeddable":true,"href":"https:\/\/primemarinemx.com\/index.php?rest_route=%2Fwp%2Fv2%2Fcomments&post=14"}],"version-history":[{"count":16,"href":"https:\/\/primemarinemx.com\/index.php?rest_route=\/wp\/v2\/pages\/14\/revisions"}],"predecessor-version":[{"id":3470,"href":"https:\/\/primemarinemx.com\/index.php?rest_route=\/wp\/v2\/pages\/14\/revisions\/3470"}],"wp:attachment":[{"href":"https:\/\/primemarinemx.com\/index.php?rest_route=%2Fwp%2Fv2%2Fmedia&parent=14"}],"curies":[{"name":"wp","href":"https:\/\/api.w.org\/{rel}","templated":true}]}}